{"id":4335,"date":"2015-08-21T08:03:54","date_gmt":"2015-08-21T07:03:54","guid":{"rendered":"https:\/\/squareventures.es\/compania\/"},"modified":"2022-01-28T13:35:32","modified_gmt":"2022-01-28T12:35:32","slug":"company","status":"publish","type":"page","link":"https:\/\/squareventures.es\/en\/company\/","title":{"rendered":"Company"},"content":{"rendered":"","protected":false},"excerpt":{"rendered":"","protected":false},"author":1,"featured_media":0,"parent":0,"menu_order":0,"comment_status":"closed","ping_status":"closed","template":"","meta":{"_mi_skip_tracking":false,"_exactmetrics_sitenote_active":false,"_exactmetrics_sitenote_note":"","_exactmetrics_sitenote_category":0},"yoast_head":"<!-- This site is optimized with the Yoast SEO plugin v20.9 - https:\/\/yoast.com\/wordpress\/plugins\/seo\/ -->\n<title>Company - Square Ventures<\/title>\n<meta name=\"robots\" content=\"index, follow, max-snippet:-1, max-image-preview:large, max-video-preview:-1\" \/>\n<link rel=\"canonical\" href=\"https:\/\/squareventures.es\/compania\/\" \/>\n<meta property=\"og:locale\" content=\"en_US\" \/>\n<meta property=\"og:type\" content=\"article\" \/>\n<meta property=\"og:title\" content=\"Company - Square Ventures\" \/>\n<meta property=\"og:description\" content=\"Somos el resultado de nuestra pasi\u00f3n por mejorar el mundo.\" \/>\n<meta property=\"og:url\" content=\"https:\/\/squareventures.es\/compania\/\" \/>\n<meta property=\"og:site_name\" content=\"Square Ventures\" \/>\n<meta property=\"article:modified_time\" content=\"2022-01-28T12:35:32+00:00\" \/>\n<meta property=\"og:image\" content=\"https:\/\/squareventures.es\/wp-content\/uploads\/2017\/05\/PORTFOLIO-CARRUSEL-square-weekend-3.jpg\" \/>\n\t<meta property=\"og:image:width\" content=\"1920\" \/>\n\t<meta property=\"og:image:height\" content=\"1080\" \/>\n\t<meta property=\"og:image:type\" content=\"image\/jpeg\" \/>\n<meta name=\"twitter:card\" content=\"summary_large_image\" \/>\n<meta name=\"twitter:title\" content=\"Compa\u00f1\u00eda - Square Ventures\" \/>\n<meta name=\"twitter:description\" content=\"Somos el resultado de nuestra pasi\u00f3n por mejorar el mundo.\" \/>\n<meta name=\"twitter:image\" content=\"https:\/\/squareventures.es\/wp-content\/uploads\/2017\/05\/PORTFOLIO-CARRUSEL-square-weekend-3.jpg\" \/>\n<script type=\"application\/ld+json\" class=\"yoast-schema-graph\">{\"@context\":\"https:\/\/schema.org\",\"@graph\":[{\"@type\":\"WebPage\",\"@id\":\"https:\/\/squareventures.es\/compania\/\",\"url\":\"https:\/\/squareventures.es\/compania\/\",\"name\":\"Company - Square Ventures\",\"isPartOf\":{\"@id\":\"https:\/\/squareventures.es\/#website\"},\"datePublished\":\"2015-08-21T07:03:54+00:00\",\"dateModified\":\"2022-01-28T12:35:32+00:00\",\"breadcrumb\":{\"@id\":\"https:\/\/squareventures.es\/compania\/#breadcrumb\"},\"inLanguage\":\"en-US\",\"potentialAction\":[{\"@type\":\"ReadAction\",\"target\":[\"https:\/\/squareventures.es\/compania\/\"]}]},{\"@type\":\"BreadcrumbList\",\"@id\":\"https:\/\/squareventures.es\/compania\/#breadcrumb\",\"itemListElement\":[{\"@type\":\"ListItem\",\"position\":1,\"name\":\"Portada\",\"item\":\"https:\/\/squareventures.es\/en\/\"},{\"@type\":\"ListItem\",\"position\":2,\"name\":\"Company\"}]},{\"@type\":\"WebSite\",\"@id\":\"https:\/\/squareventures.es\/#website\",\"url\":\"https:\/\/squareventures.es\/\",\"name\":\"Square Ventures\",\"description\":\"Square Ventures\",\"publisher\":{\"@id\":\"https:\/\/squareventures.es\/#organization\"},\"potentialAction\":[{\"@type\":\"SearchAction\",\"target\":{\"@type\":\"EntryPoint\",\"urlTemplate\":\"https:\/\/squareventures.es\/?s={search_term_string}\"},\"query-input\":\"required name=search_term_string\"}],\"inLanguage\":\"en-US\"},{\"@type\":\"Organization\",\"@id\":\"https:\/\/squareventures.es\/#organization\",\"name\":\"Square Ventures\",\"url\":\"https:\/\/squareventures.es\/\",\"logo\":{\"@type\":\"ImageObject\",\"inLanguage\":\"en-US\",\"@id\":\"https:\/\/squareventures.es\/#\/schema\/logo\/image\/\",\"url\":\"https:\/\/squareventures.es\/wp-content\/uploads\/2017\/03\/Squareventures_web.png\",\"contentUrl\":\"https:\/\/squareventures.es\/wp-content\/uploads\/2017\/03\/Squareventures_web.png\",\"width\":80,\"height\":80,\"caption\":\"Square Ventures\"},\"image\":{\"@id\":\"https:\/\/squareventures.es\/#\/schema\/logo\/image\/\"}}]}<\/script>\n<!-- \/ Yoast SEO plugin. -->","yoast_head_json":{"title":"Company - Square Ventures","robots":{"index":"index","follow":"follow","max-snippet":"max-snippet:-1","max-image-preview":"max-image-preview:large","max-video-preview":"max-video-preview:-1"},"canonical":"https:\/\/squareventures.es\/compania\/","og_locale":"en_US","og_type":"article","og_title":"Company - Square Ventures","og_description":"Somos el resultado de nuestra pasi\u00f3n por mejorar el mundo.","og_url":"https:\/\/squareventures.es\/compania\/","og_site_name":"Square Ventures","article_modified_time":"2022-01-28T12:35:32+00:00","og_image":[{"width":1920,"height":1080,"url":"https:\/\/squareventures.es\/wp-content\/uploads\/2017\/05\/PORTFOLIO-CARRUSEL-square-weekend-3.jpg","type":"image\/jpeg"}],"twitter_card":"summary_large_image","twitter_title":"Compa\u00f1\u00eda - Square Ventures","twitter_description":"Somos el resultado de nuestra pasi\u00f3n por mejorar el mundo.","twitter_image":"https:\/\/squareventures.es\/wp-content\/uploads\/2017\/05\/PORTFOLIO-CARRUSEL-square-weekend-3.jpg","schema":{"@context":"https:\/\/schema.org","@graph":[{"@type":"WebPage","@id":"https:\/\/squareventures.es\/compania\/","url":"https:\/\/squareventures.es\/compania\/","name":"Company - Square Ventures","isPartOf":{"@id":"https:\/\/squareventures.es\/#website"},"datePublished":"2015-08-21T07:03:54+00:00","dateModified":"2022-01-28T12:35:32+00:00","breadcrumb":{"@id":"https:\/\/squareventures.es\/compania\/#breadcrumb"},"inLanguage":"en-US","potentialAction":[{"@type":"ReadAction","target":["https:\/\/squareventures.es\/compania\/"]}]},{"@type":"BreadcrumbList","@id":"https:\/\/squareventures.es\/compania\/#breadcrumb","itemListElement":[{"@type":"ListItem","position":1,"name":"Portada","item":"https:\/\/squareventures.es\/en\/"},{"@type":"ListItem","position":2,"name":"Company"}]},{"@type":"WebSite","@id":"https:\/\/squareventures.es\/#website","url":"https:\/\/squareventures.es\/","name":"Square Ventures","description":"Square Ventures","publisher":{"@id":"https:\/\/squareventures.es\/#organization"},"potentialAction":[{"@type":"SearchAction","target":{"@type":"EntryPoint","urlTemplate":"https:\/\/squareventures.es\/?s={search_term_string}"},"query-input":"required name=search_term_string"}],"inLanguage":"en-US"},{"@type":"Organization","@id":"https:\/\/squareventures.es\/#organization","name":"Square Ventures","url":"https:\/\/squareventures.es\/","logo":{"@type":"ImageObject","inLanguage":"en-US","@id":"https:\/\/squareventures.es\/#\/schema\/logo\/image\/","url":"https:\/\/squareventures.es\/wp-content\/uploads\/2017\/03\/Squareventures_web.png","contentUrl":"https:\/\/squareventures.es\/wp-content\/uploads\/2017\/03\/Squareventures_web.png","width":80,"height":80,"caption":"Square Ventures"},"image":{"@id":"https:\/\/squareventures.es\/#\/schema\/logo\/image\/"}}]}},"_links":{"self":[{"href":"https:\/\/squareventures.es\/en\/wp-json\/wp\/v2\/pages\/4335"}],"collection":[{"href":"https:\/\/squareventures.es\/en\/wp-json\/wp\/v2\/pages"}],"about":[{"href":"https:\/\/squareventures.es\/en\/wp-json\/wp\/v2\/types\/page"}],"author":[{"embeddable":true,"href":"https:\/\/squareventures.es\/en\/wp-json\/wp\/v2\/users\/1"}],"replies":[{"embeddable":true,"href":"https:\/\/squareventures.es\/en\/wp-json\/wp\/v2\/comments?post=4335"}],"version-history":[{"count":5,"href":"https:\/\/squareventures.es\/en\/wp-json\/wp\/v2\/pages\/4335\/revisions"}],"predecessor-version":[{"id":7530,"href":"https:\/\/squareventures.es\/en\/wp-json\/wp\/v2\/pages\/4335\/revisions\/7530"}],"wp:attachment":[{"href":"https:\/\/squareventures.es\/en\/wp-json\/wp\/v2\/media?parent=4335"}],"curies":[{"name":"wp","href":"https:\/\/api.w.org\/{rel}","templated":true}]}}